{"id":4364,"date":"2018-11-30T10:34:35","date_gmt":"2018-11-30T09:34:35","guid":{"rendered":"http:\/\/cms.hubrig-geruestbau.de\/?page_id=4364"},"modified":"2020-12-16T16:49:47","modified_gmt":"2020-12-16T15:49:47","slug":"geruestbauleistungen","status":"publish","type":"page","link":"https:\/\/hubrig-geruestbau.de\/index.php\/leistungen\/geruestbauleistungen\/","title":{"rendered":"Ger\u00fcstbauleistungen"},"content":{"rendered":"","protected":false},"excerpt":{"rendered":"","protected":false},"author":1,"featured_media":0,"parent":4126,"menu_order":0,"comment_status":"closed","ping_status":"closed","template":"","meta":{"footnotes":""},"class_list":["post-4364","page","type-page","status-publish","hentry"],"yoast_head":"<!-- This site is optimized with the Yoast SEO plugin v27.3 - https:\/\/yoast.com\/product\/yoast-seo-wordpress\/ -->\n<title>Ger\u00fcstbauleistungen &#8211; Hubrig Ger\u00fcstbau<\/title>\n<meta name=\"robots\" content=\"index, follow, max-snippet:-1, max-image-preview:large, max-video-preview:-1\" \/>\n<link rel=\"canonical\" href=\"https:\/\/hubrig-geruestbau.de\/index.php\/leistungen\/geruestbauleistungen\/\" \/>\n<meta property=\"og:locale\" content=\"de_DE\" \/>\n<meta property=\"og:type\" content=\"article\" \/>\n<meta property=\"og:title\" content=\"Ger\u00fcstbauleistungen &#8211; Hubrig Ger\u00fcstbau\" \/>\n<meta property=\"og:url\" content=\"https:\/\/hubrig-geruestbau.de\/index.php\/leistungen\/geruestbauleistungen\/\" \/>\n<meta property=\"og:site_name\" content=\"Hubrig Ger\u00fcstbau\" \/>\n<meta property=\"article:publisher\" content=\"https:\/\/www.facebook.com\/AchimHubrigGeruestbau\/\" \/>\n<meta property=\"article:modified_time\" content=\"2020-12-16T15:49:47+00:00\" \/>\n<meta name=\"twitter:card\" content=\"summary_large_image\" \/>\n<script type=\"application\/ld+json\" class=\"yoast-schema-graph\">{\"@context\":\"https:\\\/\\\/schema.org\",\"@graph\":[{\"@type\":\"WebPage\",\"@id\":\"https:\\\/\\\/hubrig-geruestbau.de\\\/index.php\\\/leistungen\\\/geruestbauleistungen\\\/\",\"url\":\"https:\\\/\\\/hubrig-geruestbau.de\\\/index.php\\\/leistungen\\\/geruestbauleistungen\\\/\",\"name\":\"Ger\u00fcstbauleistungen &#8211; Hubrig Ger\u00fcstbau\",\"isPartOf\":{\"@id\":\"https:\\\/\\\/hubrig-geruestbau.de\\\/#website\"},\"datePublished\":\"2018-11-30T09:34:35+00:00\",\"dateModified\":\"2020-12-16T15:49:47+00:00\",\"breadcrumb\":{\"@id\":\"https:\\\/\\\/hubrig-geruestbau.de\\\/index.php\\\/leistungen\\\/geruestbauleistungen\\\/#breadcrumb\"},\"inLanguage\":\"de\",\"potentialAction\":[{\"@type\":\"ReadAction\",\"target\":[\"https:\\\/\\\/hubrig-geruestbau.de\\\/index.php\\\/leistungen\\\/geruestbauleistungen\\\/\"]}]},{\"@type\":\"BreadcrumbList\",\"@id\":\"https:\\\/\\\/hubrig-geruestbau.de\\\/index.php\\\/leistungen\\\/geruestbauleistungen\\\/#breadcrumb\",\"itemListElement\":[{\"@type\":\"ListItem\",\"position\":1,\"name\":\"Startseite\",\"item\":\"https:\\\/\\\/hubrig-geruestbau.de\\\/\"},{\"@type\":\"ListItem\",\"position\":2,\"name\":\"Leistungen\",\"item\":\"https:\\\/\\\/hubrig-geruestbau.de\\\/index.php\\\/leistungen\\\/\"},{\"@type\":\"ListItem\",\"position\":3,\"name\":\"Ger\u00fcstbauleistungen\"}]},{\"@type\":\"WebSite\",\"@id\":\"https:\\\/\\\/hubrig-geruestbau.de\\\/#website\",\"url\":\"https:\\\/\\\/hubrig-geruestbau.de\\\/\",\"name\":\"Achim Hubrig Ger\u00fcstbau\",\"description\":\"Ger\u00fcstbauarbeiten, Geb\u00e4ude\u00fcberdachungen, Absturzsicherungen, Sonderkonstruktionen aller Art\",\"potentialAction\":[{\"@type\":\"SearchAction\",\"target\":{\"@type\":\"EntryPoint\",\"urlTemplate\":\"https:\\\/\\\/hubrig-geruestbau.de\\\/?s={search_term_string}\"},\"query-input\":{\"@type\":\"PropertyValueSpecification\",\"valueRequired\":true,\"valueName\":\"search_term_string\"}}],\"inLanguage\":\"de\"}]}<\/script>\n<!-- \/ Yoast SEO plugin. -->","yoast_head_json":{"title":"Ger\u00fcstbauleistungen &#8211; Hubrig Ger\u00fcstbau","robots":{"index":"index","follow":"follow","max-snippet":"max-snippet:-1","max-image-preview":"max-image-preview:large","max-video-preview":"max-video-preview:-1"},"canonical":"https:\/\/hubrig-geruestbau.de\/index.php\/leistungen\/geruestbauleistungen\/","og_locale":"de_DE","og_type":"article","og_title":"Ger\u00fcstbauleistungen &#8211; Hubrig Ger\u00fcstbau","og_url":"https:\/\/hubrig-geruestbau.de\/index.php\/leistungen\/geruestbauleistungen\/","og_site_name":"Hubrig Ger\u00fcstbau","article_publisher":"https:\/\/www.facebook.com\/AchimHubrigGeruestbau\/","article_modified_time":"2020-12-16T15:49:47+00:00","twitter_card":"summary_large_image","schema":{"@context":"https:\/\/schema.org","@graph":[{"@type":"WebPage","@id":"https:\/\/hubrig-geruestbau.de\/index.php\/leistungen\/geruestbauleistungen\/","url":"https:\/\/hubrig-geruestbau.de\/index.php\/leistungen\/geruestbauleistungen\/","name":"Ger\u00fcstbauleistungen &#8211; Hubrig Ger\u00fcstbau","isPartOf":{"@id":"https:\/\/hubrig-geruestbau.de\/#website"},"datePublished":"2018-11-30T09:34:35+00:00","dateModified":"2020-12-16T15:49:47+00:00","breadcrumb":{"@id":"https:\/\/hubrig-geruestbau.de\/index.php\/leistungen\/geruestbauleistungen\/#breadcrumb"},"inLanguage":"de","potentialAction":[{"@type":"ReadAction","target":["https:\/\/hubrig-geruestbau.de\/index.php\/leistungen\/geruestbauleistungen\/"]}]},{"@type":"BreadcrumbList","@id":"https:\/\/hubrig-geruestbau.de\/index.php\/leistungen\/geruestbauleistungen\/#breadcrumb","itemListElement":[{"@type":"ListItem","position":1,"name":"Startseite","item":"https:\/\/hubrig-geruestbau.de\/"},{"@type":"ListItem","position":2,"name":"Leistungen","item":"https:\/\/hubrig-geruestbau.de\/index.php\/leistungen\/"},{"@type":"ListItem","position":3,"name":"Ger\u00fcstbauleistungen"}]},{"@type":"WebSite","@id":"https:\/\/hubrig-geruestbau.de\/#website","url":"https:\/\/hubrig-geruestbau.de\/","name":"Achim Hubrig Ger\u00fcstbau","description":"Ger\u00fcstbauarbeiten, Geb\u00e4ude\u00fcberdachungen, Absturzsicherungen, Sonderkonstruktionen aller Art","potentialAction":[{"@type":"SearchAction","target":{"@type":"EntryPoint","urlTemplate":"https:\/\/hubrig-geruestbau.de\/?s={search_term_string}"},"query-input":{"@type":"PropertyValueSpecification","valueRequired":true,"valueName":"search_term_string"}}],"inLanguage":"de"}]}},"_links":{"self":[{"href":"https:\/\/hubrig-geruestbau.de\/index.php\/wp-json\/wp\/v2\/pages\/4364","targetHints":{"allow":["GET"]}}],"collection":[{"href":"https:\/\/hubrig-geruestbau.de\/index.php\/wp-json\/wp\/v2\/pages"}],"about":[{"href":"https:\/\/hubrig-geruestbau.de\/index.php\/wp-json\/wp\/v2\/types\/page"}],"author":[{"embeddable":true,"href":"https:\/\/hubrig-geruestbau.de\/index.php\/wp-json\/wp\/v2\/users\/1"}],"replies":[{"embeddable":true,"href":"https:\/\/hubrig-geruestbau.de\/index.php\/wp-json\/wp\/v2\/comments?post=4364"}],"version-history":[{"count":10,"href":"https:\/\/hubrig-geruestbau.de\/index.php\/wp-json\/wp\/v2\/pages\/4364\/revisions"}],"predecessor-version":[{"id":5660,"href":"https:\/\/hubrig-geruestbau.de\/index.php\/wp-json\/wp\/v2\/pages\/4364\/revisions\/5660"}],"up":[{"embeddable":true,"href":"https:\/\/hubrig-geruestbau.de\/index.php\/wp-json\/wp\/v2\/pages\/4126"}],"wp:attachment":[{"href":"https:\/\/hubrig-geruestbau.de\/index.php\/wp-json\/wp\/v2\/media?parent=4364"}],"curies":[{"name":"wp","href":"https:\/\/api.w.org\/{rel}","templated":true}]}}