{"id":4171,"date":"2018-08-29T11:35:18","date_gmt":"2018-08-29T09:35:18","guid":{"rendered":"http:\/\/cms.hubrig-geruestbau.de\/?page_id=4171"},"modified":"2024-04-23T12:18:45","modified_gmt":"2024-04-23T10:18:45","slug":"ansprechpartner","status":"publish","type":"page","link":"https:\/\/hubrig-geruestbau.de\/index.php\/kontakt\/ansprechpartner\/","title":{"rendered":"Ansprechpartner"},"content":{"rendered":"<p>&nbsp;<\/p>\n<p>&nbsp;<\/p>\n","protected":false},"excerpt":{"rendered":"<p>&nbsp; &nbsp;<\/p>\n","protected":false},"author":1,"featured_media":0,"parent":4169,"menu_order":0,"comment_status":"closed","ping_status":"closed","template":"","meta":{"footnotes":""},"class_list":["post-4171","page","type-page","status-publish","hentry"],"yoast_head":"<!-- This site is optimized with the Yoast SEO plugin v27.3 - https:\/\/yoast.com\/product\/yoast-seo-wordpress\/ -->\n<title>Ansprechpartner &#8211; Hubrig Ger\u00fcstbau<\/title>\n<meta name=\"description\" content=\"Michaela Hubrig; Ger\u00fcstbau- und Malermeisterin, staatlich gepr\u00fcfte Betriebsmanagerin, Fachfrau im Ger\u00fcstbauerhandwerk, Brigitte Hubrig; Fachfrau im Ger\u00fcstbauerhandwerk und Angela Bremora, unsere Kaufm\u00e4nnische Angestellte sind Ihre Ansprechpartnerinnen.\" \/>\n<meta name=\"robots\" content=\"index, follow, max-snippet:-1, max-image-preview:large, max-video-preview:-1\" \/>\n<link rel=\"canonical\" href=\"https:\/\/hubrig-geruestbau.de\/index.php\/kontakt\/ansprechpartner\/\" \/>\n<meta property=\"og:locale\" content=\"de_DE\" \/>\n<meta property=\"og:type\" content=\"article\" \/>\n<meta property=\"og:title\" content=\"Ansprechpartner &#8211; Hubrig Ger\u00fcstbau\" \/>\n<meta property=\"og:description\" content=\"Michaela Hubrig; Ger\u00fcstbau- und Malermeisterin, staatlich gepr\u00fcfte Betriebsmanagerin, Fachfrau im Ger\u00fcstbauerhandwerk, Brigitte Hubrig; Fachfrau im Ger\u00fcstbauerhandwerk und Angela Bremora, unsere Kaufm\u00e4nnische Angestellte sind Ihre Ansprechpartnerinnen.\" \/>\n<meta property=\"og:url\" content=\"https:\/\/hubrig-geruestbau.de\/index.php\/kontakt\/ansprechpartner\/\" \/>\n<meta property=\"og:site_name\" content=\"Hubrig Ger\u00fcstbau\" \/>\n<meta property=\"article:publisher\" content=\"https:\/\/www.facebook.com\/AchimHubrigGeruestbau\/\" \/>\n<meta property=\"article:modified_time\" content=\"2024-04-23T10:18:45+00:00\" \/>\n<meta name=\"twitter:card\" content=\"summary_large_image\" \/>\n<script type=\"application\/ld+json\" class=\"yoast-schema-graph\">{\"@context\":\"https:\\\/\\\/schema.org\",\"@graph\":[{\"@type\":\"WebPage\",\"@id\":\"https:\\\/\\\/hubrig-geruestbau.de\\\/index.php\\\/kontakt\\\/ansprechpartner\\\/\",\"url\":\"https:\\\/\\\/hubrig-geruestbau.de\\\/index.php\\\/kontakt\\\/ansprechpartner\\\/\",\"name\":\"Ansprechpartner &#8211; Hubrig Ger\u00fcstbau\",\"isPartOf\":{\"@id\":\"https:\\\/\\\/hubrig-geruestbau.de\\\/#website\"},\"datePublished\":\"2018-08-29T09:35:18+00:00\",\"dateModified\":\"2024-04-23T10:18:45+00:00\",\"description\":\"Michaela Hubrig; Ger\u00fcstbau- und Malermeisterin, staatlich gepr\u00fcfte Betriebsmanagerin, Fachfrau im Ger\u00fcstbauerhandwerk, Brigitte Hubrig; Fachfrau im Ger\u00fcstbauerhandwerk und Angela Bremora, unsere Kaufm\u00e4nnische Angestellte sind Ihre Ansprechpartnerinnen.\",\"breadcrumb\":{\"@id\":\"https:\\\/\\\/hubrig-geruestbau.de\\\/index.php\\\/kontakt\\\/ansprechpartner\\\/#breadcrumb\"},\"inLanguage\":\"de\",\"potentialAction\":[{\"@type\":\"ReadAction\",\"target\":[\"https:\\\/\\\/hubrig-geruestbau.de\\\/index.php\\\/kontakt\\\/ansprechpartner\\\/\"]}]},{\"@type\":\"BreadcrumbList\",\"@id\":\"https:\\\/\\\/hubrig-geruestbau.de\\\/index.php\\\/kontakt\\\/ansprechpartner\\\/#breadcrumb\",\"itemListElement\":[{\"@type\":\"ListItem\",\"position\":1,\"name\":\"Startseite\",\"item\":\"https:\\\/\\\/hubrig-geruestbau.de\\\/\"},{\"@type\":\"ListItem\",\"position\":2,\"name\":\"Kontakt\",\"item\":\"https:\\\/\\\/hubrig-geruestbau.de\\\/index.php\\\/kontakt\\\/\"},{\"@type\":\"ListItem\",\"position\":3,\"name\":\"Ansprechpartner\"}]},{\"@type\":\"WebSite\",\"@id\":\"https:\\\/\\\/hubrig-geruestbau.de\\\/#website\",\"url\":\"https:\\\/\\\/hubrig-geruestbau.de\\\/\",\"name\":\"Achim Hubrig Ger\u00fcstbau\",\"description\":\"Ger\u00fcstbauarbeiten, Geb\u00e4ude\u00fcberdachungen, Absturzsicherungen, Sonderkonstruktionen aller Art\",\"potentialAction\":[{\"@type\":\"SearchAction\",\"target\":{\"@type\":\"EntryPoint\",\"urlTemplate\":\"https:\\\/\\\/hubrig-geruestbau.de\\\/?s={search_term_string}\"},\"query-input\":{\"@type\":\"PropertyValueSpecification\",\"valueRequired\":true,\"valueName\":\"search_term_string\"}}],\"inLanguage\":\"de\"}]}<\/script>\n<!-- \/ Yoast SEO plugin. -->","yoast_head_json":{"title":"Ansprechpartner &#8211; Hubrig Ger\u00fcstbau","description":"Michaela Hubrig; Ger\u00fcstbau- und Malermeisterin, staatlich gepr\u00fcfte Betriebsmanagerin, Fachfrau im Ger\u00fcstbauerhandwerk, Brigitte Hubrig; Fachfrau im Ger\u00fcstbauerhandwerk und Angela Bremora, unsere Kaufm\u00e4nnische Angestellte sind Ihre Ansprechpartnerinnen.","robots":{"index":"index","follow":"follow","max-snippet":"max-snippet:-1","max-image-preview":"max-image-preview:large","max-video-preview":"max-video-preview:-1"},"canonical":"https:\/\/hubrig-geruestbau.de\/index.php\/kontakt\/ansprechpartner\/","og_locale":"de_DE","og_type":"article","og_title":"Ansprechpartner &#8211; Hubrig Ger\u00fcstbau","og_description":"Michaela Hubrig; Ger\u00fcstbau- und Malermeisterin, staatlich gepr\u00fcfte Betriebsmanagerin, Fachfrau im Ger\u00fcstbauerhandwerk, Brigitte Hubrig; Fachfrau im Ger\u00fcstbauerhandwerk und Angela Bremora, unsere Kaufm\u00e4nnische Angestellte sind Ihre Ansprechpartnerinnen.","og_url":"https:\/\/hubrig-geruestbau.de\/index.php\/kontakt\/ansprechpartner\/","og_site_name":"Hubrig Ger\u00fcstbau","article_publisher":"https:\/\/www.facebook.com\/AchimHubrigGeruestbau\/","article_modified_time":"2024-04-23T10:18:45+00:00","twitter_card":"summary_large_image","schema":{"@context":"https:\/\/schema.org","@graph":[{"@type":"WebPage","@id":"https:\/\/hubrig-geruestbau.de\/index.php\/kontakt\/ansprechpartner\/","url":"https:\/\/hubrig-geruestbau.de\/index.php\/kontakt\/ansprechpartner\/","name":"Ansprechpartner &#8211; Hubrig Ger\u00fcstbau","isPartOf":{"@id":"https:\/\/hubrig-geruestbau.de\/#website"},"datePublished":"2018-08-29T09:35:18+00:00","dateModified":"2024-04-23T10:18:45+00:00","description":"Michaela Hubrig; Ger\u00fcstbau- und Malermeisterin, staatlich gepr\u00fcfte Betriebsmanagerin, Fachfrau im Ger\u00fcstbauerhandwerk, Brigitte Hubrig; Fachfrau im Ger\u00fcstbauerhandwerk und Angela Bremora, unsere Kaufm\u00e4nnische Angestellte sind Ihre Ansprechpartnerinnen.","breadcrumb":{"@id":"https:\/\/hubrig-geruestbau.de\/index.php\/kontakt\/ansprechpartner\/#breadcrumb"},"inLanguage":"de","potentialAction":[{"@type":"ReadAction","target":["https:\/\/hubrig-geruestbau.de\/index.php\/kontakt\/ansprechpartner\/"]}]},{"@type":"BreadcrumbList","@id":"https:\/\/hubrig-geruestbau.de\/index.php\/kontakt\/ansprechpartner\/#breadcrumb","itemListElement":[{"@type":"ListItem","position":1,"name":"Startseite","item":"https:\/\/hubrig-geruestbau.de\/"},{"@type":"ListItem","position":2,"name":"Kontakt","item":"https:\/\/hubrig-geruestbau.de\/index.php\/kontakt\/"},{"@type":"ListItem","position":3,"name":"Ansprechpartner"}]},{"@type":"WebSite","@id":"https:\/\/hubrig-geruestbau.de\/#website","url":"https:\/\/hubrig-geruestbau.de\/","name":"Achim Hubrig Ger\u00fcstbau","description":"Ger\u00fcstbauarbeiten, Geb\u00e4ude\u00fcberdachungen, Absturzsicherungen, Sonderkonstruktionen aller Art","potentialAction":[{"@type":"SearchAction","target":{"@type":"EntryPoint","urlTemplate":"https:\/\/hubrig-geruestbau.de\/?s={search_term_string}"},"query-input":{"@type":"PropertyValueSpecification","valueRequired":true,"valueName":"search_term_string"}}],"inLanguage":"de"}]}},"_links":{"self":[{"href":"https:\/\/hubrig-geruestbau.de\/index.php\/wp-json\/wp\/v2\/pages\/4171","targetHints":{"allow":["GET"]}}],"collection":[{"href":"https:\/\/hubrig-geruestbau.de\/index.php\/wp-json\/wp\/v2\/pages"}],"about":[{"href":"https:\/\/hubrig-geruestbau.de\/index.php\/wp-json\/wp\/v2\/types\/page"}],"author":[{"embeddable":true,"href":"https:\/\/hubrig-geruestbau.de\/index.php\/wp-json\/wp\/v2\/users\/1"}],"replies":[{"embeddable":true,"href":"https:\/\/hubrig-geruestbau.de\/index.php\/wp-json\/wp\/v2\/comments?post=4171"}],"version-history":[{"count":10,"href":"https:\/\/hubrig-geruestbau.de\/index.php\/wp-json\/wp\/v2\/pages\/4171\/revisions"}],"predecessor-version":[{"id":7011,"href":"https:\/\/hubrig-geruestbau.de\/index.php\/wp-json\/wp\/v2\/pages\/4171\/revisions\/7011"}],"up":[{"embeddable":true,"href":"https:\/\/hubrig-geruestbau.de\/index.php\/wp-json\/wp\/v2\/pages\/4169"}],"wp:attachment":[{"href":"https:\/\/hubrig-geruestbau.de\/index.php\/wp-json\/wp\/v2\/media?parent=4171"}],"curies":[{"name":"wp","href":"https:\/\/api.w.org\/{rel}","templated":true}]}}