{"id":4165,"date":"2018-08-29T11:33:13","date_gmt":"2018-08-29T09:33:13","guid":{"rendered":"http:\/\/cms.hubrig-geruestbau.de\/?page_id=4165"},"modified":"2024-10-29T15:23:56","modified_gmt":"2024-10-29T14:23:56","slug":"ausbildung","status":"publish","type":"page","link":"https:\/\/hubrig-geruestbau.de\/index.php\/karriere\/ausbildung\/","title":{"rendered":"Ausbildung"},"content":{"rendered":"","protected":false},"excerpt":{"rendered":"","protected":false},"author":1,"featured_media":0,"parent":4161,"menu_order":0,"comment_status":"closed","ping_status":"closed","template":"","meta":{"footnotes":""},"class_list":["post-4165","page","type-page","status-publish","hentry"],"yoast_head":"<!-- This site is optimized with the Yoast SEO plugin v27.3 - https:\/\/yoast.com\/product\/yoast-seo-wordpress\/ -->\n<title>Ausbildung &#8211; Hubrig Ger\u00fcstbau<\/title>\n<meta name=\"description\" content=\"Wir bilden seit 2010 Jugendliche im Ger\u00fcstbauhandwerk aus und bereiten sie auf Ihren Beruf vor. Unser Ziel ist es, Jugendliche f\u00fcr unseren Beruf zu begeistern und unsere Auszubildenden nach erfolgreichem Abschluss der Gesellenpr\u00fcfung zu \u00fcbernehmen.\" \/>\n<meta name=\"robots\" content=\"index, follow, max-snippet:-1, max-image-preview:large, max-video-preview:-1\" \/>\n<link rel=\"canonical\" href=\"https:\/\/hubrig-geruestbau.de\/index.php\/karriere\/ausbildung\/\" \/>\n<meta property=\"og:locale\" content=\"de_DE\" \/>\n<meta property=\"og:type\" content=\"article\" \/>\n<meta property=\"og:title\" content=\"Ausbildung &#8211; Hubrig Ger\u00fcstbau\" \/>\n<meta property=\"og:description\" content=\"Wir bilden seit 2010 Jugendliche im Ger\u00fcstbauhandwerk aus und bereiten sie auf Ihren Beruf vor. Unser Ziel ist es, Jugendliche f\u00fcr unseren Beruf zu begeistern und unsere Auszubildenden nach erfolgreichem Abschluss der Gesellenpr\u00fcfung zu \u00fcbernehmen.\" \/>\n<meta property=\"og:url\" content=\"https:\/\/hubrig-geruestbau.de\/index.php\/karriere\/ausbildung\/\" \/>\n<meta property=\"og:site_name\" content=\"Hubrig Ger\u00fcstbau\" \/>\n<meta property=\"article:publisher\" content=\"https:\/\/www.facebook.com\/AchimHubrigGeruestbau\/\" \/>\n<meta property=\"article:modified_time\" content=\"2024-10-29T14:23:56+00:00\" \/>\n<meta name=\"twitter:card\" content=\"summary_large_image\" \/>\n<script type=\"application\/ld+json\" class=\"yoast-schema-graph\">{\"@context\":\"https:\\\/\\\/schema.org\",\"@graph\":[{\"@type\":\"WebPage\",\"@id\":\"https:\\\/\\\/hubrig-geruestbau.de\\\/index.php\\\/karriere\\\/ausbildung\\\/\",\"url\":\"https:\\\/\\\/hubrig-geruestbau.de\\\/index.php\\\/karriere\\\/ausbildung\\\/\",\"name\":\"Ausbildung &#8211; Hubrig Ger\u00fcstbau\",\"isPartOf\":{\"@id\":\"https:\\\/\\\/hubrig-geruestbau.de\\\/#website\"},\"datePublished\":\"2018-08-29T09:33:13+00:00\",\"dateModified\":\"2024-10-29T14:23:56+00:00\",\"description\":\"Wir bilden seit 2010 Jugendliche im Ger\u00fcstbauhandwerk aus und bereiten sie auf Ihren Beruf vor. Unser Ziel ist es, Jugendliche f\u00fcr unseren Beruf zu begeistern und unsere Auszubildenden nach erfolgreichem Abschluss der Gesellenpr\u00fcfung zu \u00fcbernehmen.\",\"breadcrumb\":{\"@id\":\"https:\\\/\\\/hubrig-geruestbau.de\\\/index.php\\\/karriere\\\/ausbildung\\\/#breadcrumb\"},\"inLanguage\":\"de\",\"potentialAction\":[{\"@type\":\"ReadAction\",\"target\":[\"https:\\\/\\\/hubrig-geruestbau.de\\\/index.php\\\/karriere\\\/ausbildung\\\/\"]}]},{\"@type\":\"BreadcrumbList\",\"@id\":\"https:\\\/\\\/hubrig-geruestbau.de\\\/index.php\\\/karriere\\\/ausbildung\\\/#breadcrumb\",\"itemListElement\":[{\"@type\":\"ListItem\",\"position\":1,\"name\":\"Startseite\",\"item\":\"https:\\\/\\\/hubrig-geruestbau.de\\\/\"},{\"@type\":\"ListItem\",\"position\":2,\"name\":\"Karriere\",\"item\":\"https:\\\/\\\/hubrig-geruestbau.de\\\/index.php\\\/karriere\\\/\"},{\"@type\":\"ListItem\",\"position\":3,\"name\":\"Ausbildung\"}]},{\"@type\":\"WebSite\",\"@id\":\"https:\\\/\\\/hubrig-geruestbau.de\\\/#website\",\"url\":\"https:\\\/\\\/hubrig-geruestbau.de\\\/\",\"name\":\"Achim Hubrig Ger\u00fcstbau\",\"description\":\"Ger\u00fcstbauarbeiten, Geb\u00e4ude\u00fcberdachungen, Absturzsicherungen, Sonderkonstruktionen aller Art\",\"potentialAction\":[{\"@type\":\"SearchAction\",\"target\":{\"@type\":\"EntryPoint\",\"urlTemplate\":\"https:\\\/\\\/hubrig-geruestbau.de\\\/?s={search_term_string}\"},\"query-input\":{\"@type\":\"PropertyValueSpecification\",\"valueRequired\":true,\"valueName\":\"search_term_string\"}}],\"inLanguage\":\"de\"}]}<\/script>\n<!-- \/ Yoast SEO plugin. -->","yoast_head_json":{"title":"Ausbildung &#8211; Hubrig Ger\u00fcstbau","description":"Wir bilden seit 2010 Jugendliche im Ger\u00fcstbauhandwerk aus und bereiten sie auf Ihren Beruf vor. Unser Ziel ist es, Jugendliche f\u00fcr unseren Beruf zu begeistern und unsere Auszubildenden nach erfolgreichem Abschluss der Gesellenpr\u00fcfung zu \u00fcbernehmen.","robots":{"index":"index","follow":"follow","max-snippet":"max-snippet:-1","max-image-preview":"max-image-preview:large","max-video-preview":"max-video-preview:-1"},"canonical":"https:\/\/hubrig-geruestbau.de\/index.php\/karriere\/ausbildung\/","og_locale":"de_DE","og_type":"article","og_title":"Ausbildung &#8211; Hubrig Ger\u00fcstbau","og_description":"Wir bilden seit 2010 Jugendliche im Ger\u00fcstbauhandwerk aus und bereiten sie auf Ihren Beruf vor. Unser Ziel ist es, Jugendliche f\u00fcr unseren Beruf zu begeistern und unsere Auszubildenden nach erfolgreichem Abschluss der Gesellenpr\u00fcfung zu \u00fcbernehmen.","og_url":"https:\/\/hubrig-geruestbau.de\/index.php\/karriere\/ausbildung\/","og_site_name":"Hubrig Ger\u00fcstbau","article_publisher":"https:\/\/www.facebook.com\/AchimHubrigGeruestbau\/","article_modified_time":"2024-10-29T14:23:56+00:00","twitter_card":"summary_large_image","schema":{"@context":"https:\/\/schema.org","@graph":[{"@type":"WebPage","@id":"https:\/\/hubrig-geruestbau.de\/index.php\/karriere\/ausbildung\/","url":"https:\/\/hubrig-geruestbau.de\/index.php\/karriere\/ausbildung\/","name":"Ausbildung &#8211; Hubrig Ger\u00fcstbau","isPartOf":{"@id":"https:\/\/hubrig-geruestbau.de\/#website"},"datePublished":"2018-08-29T09:33:13+00:00","dateModified":"2024-10-29T14:23:56+00:00","description":"Wir bilden seit 2010 Jugendliche im Ger\u00fcstbauhandwerk aus und bereiten sie auf Ihren Beruf vor. Unser Ziel ist es, Jugendliche f\u00fcr unseren Beruf zu begeistern und unsere Auszubildenden nach erfolgreichem Abschluss der Gesellenpr\u00fcfung zu \u00fcbernehmen.","breadcrumb":{"@id":"https:\/\/hubrig-geruestbau.de\/index.php\/karriere\/ausbildung\/#breadcrumb"},"inLanguage":"de","potentialAction":[{"@type":"ReadAction","target":["https:\/\/hubrig-geruestbau.de\/index.php\/karriere\/ausbildung\/"]}]},{"@type":"BreadcrumbList","@id":"https:\/\/hubrig-geruestbau.de\/index.php\/karriere\/ausbildung\/#breadcrumb","itemListElement":[{"@type":"ListItem","position":1,"name":"Startseite","item":"https:\/\/hubrig-geruestbau.de\/"},{"@type":"ListItem","position":2,"name":"Karriere","item":"https:\/\/hubrig-geruestbau.de\/index.php\/karriere\/"},{"@type":"ListItem","position":3,"name":"Ausbildung"}]},{"@type":"WebSite","@id":"https:\/\/hubrig-geruestbau.de\/#website","url":"https:\/\/hubrig-geruestbau.de\/","name":"Achim Hubrig Ger\u00fcstbau","description":"Ger\u00fcstbauarbeiten, Geb\u00e4ude\u00fcberdachungen, Absturzsicherungen, Sonderkonstruktionen aller Art","potentialAction":[{"@type":"SearchAction","target":{"@type":"EntryPoint","urlTemplate":"https:\/\/hubrig-geruestbau.de\/?s={search_term_string}"},"query-input":{"@type":"PropertyValueSpecification","valueRequired":true,"valueName":"search_term_string"}}],"inLanguage":"de"}]}},"_links":{"self":[{"href":"https:\/\/hubrig-geruestbau.de\/index.php\/wp-json\/wp\/v2\/pages\/4165","targetHints":{"allow":["GET"]}}],"collection":[{"href":"https:\/\/hubrig-geruestbau.de\/index.php\/wp-json\/wp\/v2\/pages"}],"about":[{"href":"https:\/\/hubrig-geruestbau.de\/index.php\/wp-json\/wp\/v2\/types\/page"}],"author":[{"embeddable":true,"href":"https:\/\/hubrig-geruestbau.de\/index.php\/wp-json\/wp\/v2\/users\/1"}],"replies":[{"embeddable":true,"href":"https:\/\/hubrig-geruestbau.de\/index.php\/wp-json\/wp\/v2\/comments?post=4165"}],"version-history":[{"count":12,"href":"https:\/\/hubrig-geruestbau.de\/index.php\/wp-json\/wp\/v2\/pages\/4165\/revisions"}],"predecessor-version":[{"id":7021,"href":"https:\/\/hubrig-geruestbau.de\/index.php\/wp-json\/wp\/v2\/pages\/4165\/revisions\/7021"}],"up":[{"embeddable":true,"href":"https:\/\/hubrig-geruestbau.de\/index.php\/wp-json\/wp\/v2\/pages\/4161"}],"wp:attachment":[{"href":"https:\/\/hubrig-geruestbau.de\/index.php\/wp-json\/wp\/v2\/media?parent=4165"}],"curies":[{"name":"wp","href":"https:\/\/api.w.org\/{rel}","templated":true}]}}