{"id":4157,"date":"2018-08-29T11:28:56","date_gmt":"2018-08-29T09:28:56","guid":{"rendered":"http:\/\/cms.hubrig-geruestbau.de\/?page_id=4157"},"modified":"2020-09-28T12:09:57","modified_gmt":"2020-09-28T10:09:57","slug":"leitbild","status":"publish","type":"page","link":"https:\/\/hubrig-geruestbau.de\/index.php\/unternehmen\/leitbild\/","title":{"rendered":"Leitbild"},"content":{"rendered":"","protected":false},"excerpt":{"rendered":"","protected":false},"author":1,"featured_media":0,"parent":4177,"menu_order":0,"comment_status":"closed","ping_status":"closed","template":"","meta":{"footnotes":""},"class_list":["post-4157","page","type-page","status-publish","hentry"],"yoast_head":"<!-- This site is optimized with the Yoast SEO plugin v27.3 - https:\/\/yoast.com\/product\/yoast-seo-wordpress\/ -->\n<title>Leitbild &#8211; Hubrig Ger\u00fcstbau<\/title>\n<meta name=\"robots\" content=\"index, follow, max-snippet:-1, max-image-preview:large, max-video-preview:-1\" \/>\n<link rel=\"canonical\" href=\"https:\/\/hubrig-geruestbau.de\/index.php\/unternehmen\/leitbild\/\" \/>\n<meta property=\"og:locale\" content=\"de_DE\" \/>\n<meta property=\"og:type\" content=\"article\" \/>\n<meta property=\"og:title\" content=\"Leitbild &#8211; Hubrig Ger\u00fcstbau\" \/>\n<meta property=\"og:url\" content=\"https:\/\/hubrig-geruestbau.de\/index.php\/unternehmen\/leitbild\/\" \/>\n<meta property=\"og:site_name\" content=\"Hubrig Ger\u00fcstbau\" \/>\n<meta property=\"article:publisher\" content=\"https:\/\/www.facebook.com\/AchimHubrigGeruestbau\/\" \/>\n<meta property=\"article:modified_time\" content=\"2020-09-28T10:09:57+00:00\" \/>\n<meta name=\"twitter:card\" content=\"summary_large_image\" \/>\n<script type=\"application\/ld+json\" class=\"yoast-schema-graph\">{\"@context\":\"https:\\\/\\\/schema.org\",\"@graph\":[{\"@type\":\"WebPage\",\"@id\":\"https:\\\/\\\/hubrig-geruestbau.de\\\/index.php\\\/unternehmen\\\/leitbild\\\/\",\"url\":\"https:\\\/\\\/hubrig-geruestbau.de\\\/index.php\\\/unternehmen\\\/leitbild\\\/\",\"name\":\"Leitbild &#8211; Hubrig Ger\u00fcstbau\",\"isPartOf\":{\"@id\":\"https:\\\/\\\/hubrig-geruestbau.de\\\/#website\"},\"datePublished\":\"2018-08-29T09:28:56+00:00\",\"dateModified\":\"2020-09-28T10:09:57+00:00\",\"breadcrumb\":{\"@id\":\"https:\\\/\\\/hubrig-geruestbau.de\\\/index.php\\\/unternehmen\\\/leitbild\\\/#breadcrumb\"},\"inLanguage\":\"de\",\"potentialAction\":[{\"@type\":\"ReadAction\",\"target\":[\"https:\\\/\\\/hubrig-geruestbau.de\\\/index.php\\\/unternehmen\\\/leitbild\\\/\"]}]},{\"@type\":\"BreadcrumbList\",\"@id\":\"https:\\\/\\\/hubrig-geruestbau.de\\\/index.php\\\/unternehmen\\\/leitbild\\\/#breadcrumb\",\"itemListElement\":[{\"@type\":\"ListItem\",\"position\":1,\"name\":\"Startseite\",\"item\":\"https:\\\/\\\/hubrig-geruestbau.de\\\/\"},{\"@type\":\"ListItem\",\"position\":2,\"name\":\"Unternehmen\",\"item\":\"https:\\\/\\\/hubrig-geruestbau.de\\\/index.php\\\/unternehmen\\\/\"},{\"@type\":\"ListItem\",\"position\":3,\"name\":\"Leitbild\"}]},{\"@type\":\"WebSite\",\"@id\":\"https:\\\/\\\/hubrig-geruestbau.de\\\/#website\",\"url\":\"https:\\\/\\\/hubrig-geruestbau.de\\\/\",\"name\":\"Achim Hubrig Ger\u00fcstbau\",\"description\":\"Ger\u00fcstbauarbeiten, Geb\u00e4ude\u00fcberdachungen, Absturzsicherungen, Sonderkonstruktionen aller Art\",\"potentialAction\":[{\"@type\":\"SearchAction\",\"target\":{\"@type\":\"EntryPoint\",\"urlTemplate\":\"https:\\\/\\\/hubrig-geruestbau.de\\\/?s={search_term_string}\"},\"query-input\":{\"@type\":\"PropertyValueSpecification\",\"valueRequired\":true,\"valueName\":\"search_term_string\"}}],\"inLanguage\":\"de\"}]}<\/script>\n<!-- \/ Yoast SEO plugin. -->","yoast_head_json":{"title":"Leitbild &#8211; Hubrig Ger\u00fcstbau","robots":{"index":"index","follow":"follow","max-snippet":"max-snippet:-1","max-image-preview":"max-image-preview:large","max-video-preview":"max-video-preview:-1"},"canonical":"https:\/\/hubrig-geruestbau.de\/index.php\/unternehmen\/leitbild\/","og_locale":"de_DE","og_type":"article","og_title":"Leitbild &#8211; Hubrig Ger\u00fcstbau","og_url":"https:\/\/hubrig-geruestbau.de\/index.php\/unternehmen\/leitbild\/","og_site_name":"Hubrig Ger\u00fcstbau","article_publisher":"https:\/\/www.facebook.com\/AchimHubrigGeruestbau\/","article_modified_time":"2020-09-28T10:09:57+00:00","twitter_card":"summary_large_image","schema":{"@context":"https:\/\/schema.org","@graph":[{"@type":"WebPage","@id":"https:\/\/hubrig-geruestbau.de\/index.php\/unternehmen\/leitbild\/","url":"https:\/\/hubrig-geruestbau.de\/index.php\/unternehmen\/leitbild\/","name":"Leitbild &#8211; Hubrig Ger\u00fcstbau","isPartOf":{"@id":"https:\/\/hubrig-geruestbau.de\/#website"},"datePublished":"2018-08-29T09:28:56+00:00","dateModified":"2020-09-28T10:09:57+00:00","breadcrumb":{"@id":"https:\/\/hubrig-geruestbau.de\/index.php\/unternehmen\/leitbild\/#breadcrumb"},"inLanguage":"de","potentialAction":[{"@type":"ReadAction","target":["https:\/\/hubrig-geruestbau.de\/index.php\/unternehmen\/leitbild\/"]}]},{"@type":"BreadcrumbList","@id":"https:\/\/hubrig-geruestbau.de\/index.php\/unternehmen\/leitbild\/#breadcrumb","itemListElement":[{"@type":"ListItem","position":1,"name":"Startseite","item":"https:\/\/hubrig-geruestbau.de\/"},{"@type":"ListItem","position":2,"name":"Unternehmen","item":"https:\/\/hubrig-geruestbau.de\/index.php\/unternehmen\/"},{"@type":"ListItem","position":3,"name":"Leitbild"}]},{"@type":"WebSite","@id":"https:\/\/hubrig-geruestbau.de\/#website","url":"https:\/\/hubrig-geruestbau.de\/","name":"Achim Hubrig Ger\u00fcstbau","description":"Ger\u00fcstbauarbeiten, Geb\u00e4ude\u00fcberdachungen, Absturzsicherungen, Sonderkonstruktionen aller Art","potentialAction":[{"@type":"SearchAction","target":{"@type":"EntryPoint","urlTemplate":"https:\/\/hubrig-geruestbau.de\/?s={search_term_string}"},"query-input":{"@type":"PropertyValueSpecification","valueRequired":true,"valueName":"search_term_string"}}],"inLanguage":"de"}]}},"_links":{"self":[{"href":"https:\/\/hubrig-geruestbau.de\/index.php\/wp-json\/wp\/v2\/pages\/4157","targetHints":{"allow":["GET"]}}],"collection":[{"href":"https:\/\/hubrig-geruestbau.de\/index.php\/wp-json\/wp\/v2\/pages"}],"about":[{"href":"https:\/\/hubrig-geruestbau.de\/index.php\/wp-json\/wp\/v2\/types\/page"}],"author":[{"embeddable":true,"href":"https:\/\/hubrig-geruestbau.de\/index.php\/wp-json\/wp\/v2\/users\/1"}],"replies":[{"embeddable":true,"href":"https:\/\/hubrig-geruestbau.de\/index.php\/wp-json\/wp\/v2\/comments?post=4157"}],"version-history":[{"count":11,"href":"https:\/\/hubrig-geruestbau.de\/index.php\/wp-json\/wp\/v2\/pages\/4157\/revisions"}],"predecessor-version":[{"id":5152,"href":"https:\/\/hubrig-geruestbau.de\/index.php\/wp-json\/wp\/v2\/pages\/4157\/revisions\/5152"}],"up":[{"embeddable":true,"href":"https:\/\/hubrig-geruestbau.de\/index.php\/wp-json\/wp\/v2\/pages\/4177"}],"wp:attachment":[{"href":"https:\/\/hubrig-geruestbau.de\/index.php\/wp-json\/wp\/v2\/media?parent=4157"}],"curies":[{"name":"wp","href":"https:\/\/api.w.org\/{rel}","templated":true}]}}